{"id":1057,"date":"2025-02-27T11:23:35","date_gmt":"2025-02-27T11:23:35","guid":{"rendered":"https:\/\/ai-immobilier.ca\/?page_id=1057"},"modified":"2025-02-27T12:05:27","modified_gmt":"2025-02-27T12:05:27","slug":"termes-et-conditions","status":"publish","type":"page","link":"https:\/\/ai-immobilier.ca\/en\/termes-et-conditions\/","title":{"rendered":"Our terms and conditions"},"content":{"rendered":"<div data-elementor-type=\"wp-page\" data-elementor-id=\"1057\" class=\"elementor elementor-1057\" data-elementor-post-type=\"page\">\n\t\t\t\t\t\t<section class=\"elementor-section elementor-top-section elementor-element elementor-element-54e1c38c elementor-section-full_width elementor-section-height-min-height elementor-section-height-default elementor-section-items-middle\" data-id=\"54e1c38c\" data-element_type=\"section\" data-e-type=\"section\" data-settings=\"{&quot;background_background&quot;:&quot;classic&quot;}\">\n\t\t\t\t\t\t<div class=\"elementor-container elementor-column-gap-default\">\n\t\t\t\t\t<div class=\"elementor-column elementor-col-50 elementor-top-column elementor-element elementor-element-3b542344 elementor-invisible\" data-id=\"3b542344\" data-element_type=\"column\" data-e-type=\"column\" data-settings=\"{&quot;animation&quot;:&quot;fadeIn&quot;}\">\n\t\t\t<div class=\"elementor-widget-wrap elementor-element-populated\">\n\t\t\t\t\t\t<div class=\"elementor-element elementor-element-256d7368 de_scroll_animation_no elementor-widget elementor-widget-image\" data-id=\"256d7368\" data-element_type=\"widget\" data-e-type=\"widget\" data-widget_type=\"image.default\">\n\t\t\t\t<div class=\"elementor-widget-container\">\n\t\t\t\t\t\t\t\t\t\t\t\t\t\t\t\t<a href=\"#\">\n\t\t\t\t\t\t\t<img fetchpriority=\"high\" decoding=\"async\" width=\"585\" height=\"509\" src=\"https:\/\/ai-immobilier.ca\/wp-content\/uploads\/2025\/02\/LOGO-ANGE1-1.png\" class=\"elementor-animation-grow attachment-full size-full wp-image-941\" alt=\"\" srcset=\"https:\/\/ai-immobilier.ca\/wp-content\/uploads\/2025\/02\/LOGO-ANGE1-1.png 585w, https:\/\/ai-immobilier.ca\/wp-content\/uploads\/2025\/02\/LOGO-ANGE1-1-300x261.png 300w, https:\/\/ai-immobilier.ca\/wp-content\/uploads\/2025\/02\/LOGO-ANGE1-1-14x12.png 14w\" sizes=\"(max-width: 585px) 100vw, 585px\" \/>\t\t\t\t\t\t\t\t<\/a>\n\t\t\t\t\t\t\t\t\t\t\t\t\t\t\t<\/div>\n\t\t\t\t<\/div>\n\t\t\t\t\t<\/div>\n\t\t<\/div>\n\t\t\t\t<div class=\"elementor-column elementor-col-50 elementor-top-column elementor-element elementor-element-112f4dc8\" data-id=\"112f4dc8\" data-element_type=\"column\" data-e-type=\"column\">\n\t\t\t<div class=\"elementor-widget-wrap elementor-element-populated\">\n\t\t\t\t\t\t<section class=\"elementor-section elementor-inner-section elementor-element elementor-element-576b69c2 elementor-section-full_width elementor-reverse-tablet elementor-reverse-mobile elementor-section-height-default elementor-section-height-default\" data-id=\"576b69c2\" data-element_type=\"section\" data-e-type=\"section\">\n\t\t\t\t\t\t<div class=\"elementor-container elementor-column-gap-default\">\n\t\t\t\t\t<div class=\"elementor-column elementor-col-50 elementor-inner-column elementor-element elementor-element-5cd37f41 elementor-invisible\" data-id=\"5cd37f41\" data-element_type=\"column\" data-e-type=\"column\" data-settings=\"{&quot;animation&quot;:&quot;fadeIn&quot;,&quot;animation_delay&quot;:200}\">\n\t\t\t<div class=\"elementor-widget-wrap elementor-element-populated\">\n\t\t\t\t\t\t<div class=\"elementor-element elementor-element-19df7ec3 de_scroll_animation_no elementor-invisible elementor-widget elementor-widget-ekit-nav-menu\" data-id=\"19df7ec3\" data-element_type=\"widget\" data-e-type=\"widget\" data-settings=\"{&quot;_animation&quot;:&quot;fadeIn&quot;}\" data-widget_type=\"ekit-nav-menu.default\">\n\t\t\t\t<div class=\"elementor-widget-container\">\n\t\t\t\t\t\t\t<nav class=\"ekit-wid-con ekit_menu_responsive_tablet\"\n\t\t\tdata-hamburger-icon=\"icon icon-menu-11\"\n\t\t\tdata-hamburger-icon-type=\"icon\"\n\t\t\tdata-responsive-breakpoint=\"1024\">\n\t\t\t            <button class=\"elementskit-menu-hamburger elementskit-menu-toggler\"  type=\"button\" aria-label=\"hamburger-icon\">\n                <i aria-hidden=\"true\" class=\"ekit-menu-icon icon icon-menu-11\"><\/i>            <\/button>\n            <div id=\"ekit-megamenu-main-menu\" class=\"elementskit-menu-container elementskit-menu-offcanvas-elements elementskit-navbar-nav-default ekit-nav-menu-one-page- ekit-nav-dropdown-hover\"><ul id=\"menu-main-menu\" class=\"elementskit-navbar-nav elementskit-menu-po-center submenu-click-on-icon\"><li id=\"menu-item-476\" class=\"menu-item menu-item-type-post_type menu-item-object-page menu-item-home menu-item-476 nav-item elementskit-mobile-builder-content\" data-vertical-menu=\"750px\"><a href=\"https:\/\/ai-immobilier.ca\/en\/\" class=\"ekit-menu-nav-link menu-link\">Home<\/a><\/li>\n<li id=\"menu-item-477\" class=\"menu-item menu-item-type-custom menu-item-object-custom menu-item-477 nav-item elementskit-mobile-builder-content\" data-vertical-menu=\"750px\"><a href=\"https:\/\/ai-immobilier.ca\/en\/#apropos\" class=\"ekit-menu-nav-link menu-link\">About us<\/a><\/li>\n<li id=\"menu-item-478\" class=\"menu-item menu-item-type-custom menu-item-object-custom menu-item-478 nav-item elementskit-mobile-builder-content\" data-vertical-menu=\"750px\"><a href=\"https:\/\/ai-immobilier.ca\/en\/#services\" class=\"ekit-menu-nav-link menu-link\">Services<\/a><\/li>\n<li id=\"menu-item-479\" class=\"menu-item menu-item-type-custom menu-item-object-custom menu-item-479 nav-item elementskit-mobile-builder-content\" data-vertical-menu=\"750px\"><a href=\"https:\/\/ai-immobilier.ca\/en\/#proprietedispo\" class=\"ekit-menu-nav-link menu-link\">Properties<\/a><\/li>\n<li id=\"menu-item-482\" class=\"menu-item menu-item-type-custom menu-item-object-custom menu-item-482 nav-item elementskit-mobile-builder-content\" data-vertical-menu=\"750px\"><a href=\"https:\/\/ai-immobilier.ca\/en\/#temoignages\" class=\"ekit-menu-nav-link menu-link\">Testimonials<\/a><\/li>\n<li id=\"menu-item-2660\" class=\"menu-item menu-item-type-post_type menu-item-object-page menu-item-2660 nav-item elementskit-mobile-builder-content\" data-vertical-menu=\"750px\"><a href=\"https:\/\/ai-immobilier.ca\/en\/evaluation-de-propriete\/\" class=\"ekit-menu-nav-link menu-link\">Evaluation de propri\u00e9t\u00e9<\/a><\/li>\n<li id=\"menu-item-483\" class=\"menu-item menu-item-type-custom menu-item-object-custom menu-item-483 nav-item elementskit-mobile-builder-content\" data-vertical-menu=\"750px\"><a href=\"https:\/\/ai-immobilier.ca\/en\/#contacts\" class=\"ekit-menu-nav-link menu-link\">Contacts<\/a><\/li>\n<li id=\"menu-item-990\" class=\"menu-item menu-item-type-custom menu-item-object-custom menu-item-990 nav-item elementskit-mobile-builder-content\" data-vertical-menu=\"750px\"><a href=\"https:\/\/ai-immobilier.ca\/en\/#faq\" class=\"ekit-menu-nav-link menu-link\">FAQ<\/a><\/li>\n<li id=\"menu-item-727\" class=\"trp-language-switcher-container menu-item menu-item-type-post_type menu-item-object-language_switcher current-language-menu-item menu-item-727 nav-item elementskit-mobile-builder-content\" data-vertical-menu=\"750px\"><a href=\"https:\/\/ai-immobilier.ca\/en\/wp-json\/wp\/v2\/pages\/1057\" class=\"ekit-menu-nav-link menu-link\"><span data-no-translation><img decoding=\"async\" class=\"trp-flag-image\" src=\"https:\/\/ai-immobilier.ca\/wp-content\/plugins\/translatepress-multilingual\/assets\/images\/flags\/fr_CA.png\" width=\"18\" height=\"12\" alt=\"fr_CA\" title=\"French\"><span class=\"trp-ls-language-name\">French<\/span><\/span><\/a><\/li>\n<\/ul><div class=\"elementskit-nav-identity-panel\"><a class=\"elementskit-nav-logo\" href=\"https:\/\/ai-immobilier.ca\/en\" target=\"\" rel=\"\"><img src=\"https:\/\/ai-immobilier.ca\/wp-content\/uploads\/2025\/02\/Modern-Real-Estate-Agency-Logo-Template-e1739447093131.png\" title=\"Modern Real Estate Agency Logo Template\" alt=\"Modern Real Estate Agency Logo Template\" decoding=\"async\" \/><\/a><button class=\"elementskit-menu-close elementskit-menu-toggler\" type=\"button\">X<\/button><\/div><\/div>\n\t\t\t<div class=\"elementskit-menu-overlay elementskit-menu-offcanvas-elements elementskit-menu-toggler ekit-nav-menu--overlay\"><\/div>        <\/nav>\n\t\t\t\t\t\t<\/div>\n\t\t\t\t<\/div>\n\t\t\t\t\t<\/div>\n\t\t<\/div>\n\t\t\t\t<div class=\"elementor-column elementor-col-50 elementor-inner-column elementor-element elementor-element-53739120 elementor-invisible\" data-id=\"53739120\" data-element_type=\"column\" data-e-type=\"column\" data-settings=\"{&quot;animation&quot;:&quot;fadeIn&quot;,&quot;animation_delay&quot;:400}\">\n\t\t\t<div class=\"elementor-widget-wrap\">\n\t\t\t\t\t\t\t<\/div>\n\t\t<\/div>\n\t\t\t\t\t<\/div>\n\t\t<\/section>\n\t\t\t\t\t<\/div>\n\t\t<\/div>\n\t\t\t\t\t<\/div>\n\t\t<\/section>\n\t\t<div class=\"elementor-element elementor-element-faa2a4a e-flex e-con-boxed e-con e-parent\" data-id=\"faa2a4a\" data-element_type=\"container\" data-e-type=\"container\" data-settings=\"{&quot;background_background&quot;:&quot;classic&quot;}\">\n\t\t\t\t\t<div class=\"e-con-inner\">\n\t\t\t\t<div class=\"elementor-element elementor-element-1f84919 de_scroll_animation_no elementor-widget elementor-widget-spacer\" data-id=\"1f84919\" data-element_type=\"widget\" data-e-type=\"widget\" data-widget_type=\"spacer.default\">\n\t\t\t\t<div class=\"elementor-widget-container\">\n\t\t\t\t\t\t\t<div class=\"elementor-spacer\">\n\t\t\t<div class=\"elementor-spacer-inner\"><\/div>\n\t\t<\/div>\n\t\t\t\t\t\t<\/div>\n\t\t\t\t<\/div>\n\t\t\t\t<div class=\"elementor-element elementor-element-ef84f4b de_scroll_animation_no elementor-widget elementor-widget-heading\" data-id=\"ef84f4b\" data-element_type=\"widget\" data-e-type=\"widget\" data-widget_type=\"heading.default\">\n\t\t\t\t<div class=\"elementor-widget-container\">\n\t\t\t\t\t<h2 class=\"elementor-heading-title elementor-size-default\">Our terms and conditions<\/h2>\t\t\t\t<\/div>\n\t\t\t\t<\/div>\n\t\t\t\t<div class=\"elementor-element elementor-element-62f554e de_scroll_animation_no elementor-widget elementor-widget-text-editor\" data-id=\"62f554e\" data-element_type=\"widget\" data-e-type=\"widget\" data-widget_type=\"text-editor.default\">\n\t\t\t\t<div class=\"elementor-widget-container\">\n\t\t\t\t\t\t\t\t\t<p data-pm-slice=\"1 1 []\"><strong>Ange Iradukunda \u2013 Real Estate Broker<\/strong><\/p><p>These terms of use (the \u201cTerms of Use\u201d) govern the use of (including access to) the website of Ange Iradukunda, real estate broker, specializing in income properties on the island of Montreal and its surroundings.<\/p><p>By accessing this site (\u201cyou\u201d), you accept and agree to be bound by the Terms of Use in effect at the time of your visit. These Conditions may be modified at any time, and it is your responsibility to consult them regularly.<\/p><p><strong>1. Use of the website<\/strong><\/p><p>You acknowledge and agree that your use of this site is at your own risk. Access to the site is permitted on a temporary basis and may be restricted or interrupted at any time without notice. We cannot be held responsible for any unavailability of the site for any reason whatsoever.<\/p><p>If you obtain a login or password to access certain sections of the site, you must keep them confidential and not share them with third parties.<\/p><p><strong>2. Site content<\/strong><\/p><p>The content of this website is provided for information purposes only and does not constitute a contractual offer or real estate advice. While we endeavor to provide accurate information, we do not guarantee the accuracy, completeness or timeliness of the information published. We accept no liability for any errors or omissions in the content.<\/p><p><strong>3. Intellectual property<\/strong><\/p><p>All content on this site, including text, images, videos and logos, is protected by intellectual property laws. Any reproduction, distribution or use of these contents without prior authorization is prohibited.<\/p><p><strong>4. Links to third-party sites<\/strong><\/p><p>The site may contain links to third-party sites which are not under our control. We are not responsible for the content of these sites and access to them is at your own risk.<\/p><p><strong>5. Privacy policy<\/strong><\/p><p>We respect the confidentiality of your personal information. Your data is collected and used in accordance with our privacy policy. We do not share your information with third parties without your consent, unless required by law.<\/p><p><strong>6. Limitation of liability<\/strong><\/p><p>We do not guarantee that the site will be free of errors, viruses or other harmful components. Use of the site is at your own risk. We accept no liability for any loss or damage arising from use of the site or its contents.<\/p><p><strong>7. Changes to conditions<\/strong><\/p><p>We reserve the right to modify these Terms of Use at any time. Changes will be effective as soon as they are posted on the site. It is your responsibility to check regularly for updates.<\/p><p>If you have any questions, please contact us using the site's contact form.<\/p>\t\t\t\t\t\t\t\t<\/div>\n\t\t\t\t<\/div>\n\t\t\t\t\t<\/div>\n\t\t\t\t<\/div>\n\t\t\t\t<\/div>","protected":false},"excerpt":{"rendered":"<p>Accueil \u00c0 propos Services Propri\u00e9t\u00e9s Partenaires T\u00e9moignages Contacts FAQ English X Termes et Conditions Ange Iradukunda &#8211; Courtier Immobilier Les [&hellip;]<\/p>\n","protected":false},"author":2,"featured_media":0,"parent":0,"menu_order":0,"comment_status":"closed","ping_status":"closed","template":"","meta":{"site-sidebar-layout":"no-sidebar","site-content-layout":"","ast-site-content-layout":"full-width-container","site-content-style":"default","site-sidebar-style":"default","ast-global-header-display":"","ast-banner-title-visibility":"","ast-main-header-display":"","ast-hfb-above-header-display":"","ast-hfb-below-header-display":"","ast-hfb-mobile-header-display":"","site-post-title":"disabled","ast-breadcrumbs-content":"","ast-featured-img":"disabled","footer-sml-layout":"","ast-disable-related-posts":"","theme-transparent-header-meta":"","adv-header-id-meta":"","stick-header-meta":"","header-above-stick-meta":"","header-main-stick-meta":"","header-below-stick-meta":"","astra-migrate-meta-layouts":"default","ast-page-background-enabled":"default","ast-page-background-meta":{"desktop":{"background-color":"var(--ast-global-color-5)","background-image":"","background-repeat":"repeat","background-position":"center center","background-size":"auto","background-attachment":"scroll","background-type":"","background-media":"","overlay-type":"","overlay-color":"","overlay-opacity":"","overlay-gradient":""},"tablet":{"background-color":"","background-image":"","background-repeat":"repeat","background-position":"center center","background-size":"auto","background-attachment":"scroll","background-type":"","background-media":"","overlay-type":"","overlay-color":"","overlay-opacity":"","overlay-gradient":""},"mobile":{"background-color":"","background-image":"","background-repeat":"repeat","background-position":"center center","background-size":"auto","background-attachment":"scroll","background-type":"","background-media":"","overlay-type":"","overlay-color":"","overlay-opacity":"","overlay-gradient":""}},"ast-content-background-meta":{"desktop":{"background-color":"var(--ast-global-color-4)","background-image":"","background-repeat":"repeat","background-position":"center center","background-size":"auto","background-attachment":"scroll","background-type":"","background-media":"","overlay-type":"","overlay-color":"","overlay-opacity":"","overlay-gradient":""},"tablet":{"background-color":"var(--ast-global-color-4)","background-image":"","background-repeat":"repeat","background-position":"center center","background-size":"auto","background-attachment":"scroll","background-type":"","background-media":"","overlay-type":"","overlay-color":"","overlay-opacity":"","overlay-gradient":""},"mobile":{"background-color":"var(--ast-global-color-4)","background-image":"","background-repeat":"repeat","background-position":"center center","background-size":"auto","background-attachment":"scroll","background-type":"","background-media":"","overlay-type":"","overlay-color":"","overlay-opacity":"","overlay-gradient":""}},"footnotes":""},"class_list":["post-1057","page","type-page","status-publish","hentry"],"yoast_head":"<!-- This site is optimized with the Yoast SEO Premium plugin v26.9 (Yoast SEO v27.5) - https:\/\/yoast.com\/product\/yoast-seo-premium-wordpress\/ -->\n<title>Termes et Conditions -<\/title>\n<meta name=\"robots\" content=\"index, follow, max-snippet:-1, max-image-preview:large, max-video-preview:-1\" \/>\n<link rel=\"canonical\" href=\"https:\/\/ai-immobilier.ca\/en\/termes-et-conditions\/\" \/>\n<meta property=\"og:locale\" content=\"en_US\" \/>\n<meta property=\"og:type\" content=\"article\" \/>\n<meta property=\"og:title\" content=\"Termes et Conditions\" \/>\n<meta property=\"og:description\" content=\"Accueil \u00c0 propos Services Propri\u00e9t\u00e9s Partenaires T\u00e9moignages Contacts FAQ English X Termes et Conditions Ange Iradukunda &#8211; Courtier Immobilier Les [&hellip;]\" \/>\n<meta property=\"og:url\" content=\"https:\/\/ai-immobilier.ca\/en\/termes-et-conditions\/\" \/>\n<meta property=\"article:modified_time\" content=\"2025-02-27T12:05:27+00:00\" \/>\n<meta property=\"og:image\" content=\"https:\/\/ai-immobilier.ca\/wp-content\/uploads\/2025\/02\/LOGO-ANGE1-1.png\" \/>\n\t<meta property=\"og:image:width\" content=\"585\" \/>\n\t<meta property=\"og:image:height\" content=\"509\" \/>\n\t<meta property=\"og:image:type\" content=\"image\/png\" \/>\n<meta name=\"twitter:card\" content=\"summary_large_image\" \/>\n<meta name=\"twitter:label1\" content=\"Est. reading time\" \/>\n\t<meta name=\"twitter:data1\" content=\"2 minutes\" \/>\n<script type=\"application\/ld+json\" class=\"yoast-schema-graph\">{\"@context\":\"https:\\\/\\\/schema.org\",\"@graph\":[{\"@type\":\"WebPage\",\"@id\":\"https:\\\/\\\/ai-immobilier.ca\\\/en\\\/termes-et-conditions\\\/\",\"url\":\"https:\\\/\\\/ai-immobilier.ca\\\/en\\\/termes-et-conditions\\\/\",\"name\":\"Termes et Conditions -\",\"isPartOf\":{\"@id\":\"https:\\\/\\\/ai-immobilier.ca\\\/#website\"},\"primaryImageOfPage\":{\"@id\":\"https:\\\/\\\/ai-immobilier.ca\\\/en\\\/termes-et-conditions\\\/#primaryimage\"},\"image\":{\"@id\":\"https:\\\/\\\/ai-immobilier.ca\\\/en\\\/termes-et-conditions\\\/#primaryimage\"},\"thumbnailUrl\":\"https:\\\/\\\/ai-immobilier.ca\\\/wp-content\\\/uploads\\\/2025\\\/02\\\/LOGO-ANGE1-1.png\",\"datePublished\":\"2025-02-27T11:23:35+00:00\",\"dateModified\":\"2025-02-27T12:05:27+00:00\",\"breadcrumb\":{\"@id\":\"https:\\\/\\\/ai-immobilier.ca\\\/en\\\/termes-et-conditions\\\/#breadcrumb\"},\"inLanguage\":\"en-CA\",\"potentialAction\":[{\"@type\":\"ReadAction\",\"target\":[\"https:\\\/\\\/ai-immobilier.ca\\\/en\\\/termes-et-conditions\\\/\"]}]},{\"@type\":\"ImageObject\",\"inLanguage\":\"en-CA\",\"@id\":\"https:\\\/\\\/ai-immobilier.ca\\\/en\\\/termes-et-conditions\\\/#primaryimage\",\"url\":\"https:\\\/\\\/ai-immobilier.ca\\\/wp-content\\\/uploads\\\/2025\\\/02\\\/LOGO-ANGE1-1.png\",\"contentUrl\":\"https:\\\/\\\/ai-immobilier.ca\\\/wp-content\\\/uploads\\\/2025\\\/02\\\/LOGO-ANGE1-1.png\"},{\"@type\":\"BreadcrumbList\",\"@id\":\"https:\\\/\\\/ai-immobilier.ca\\\/en\\\/termes-et-conditions\\\/#breadcrumb\",\"itemListElement\":[{\"@type\":\"ListItem\",\"position\":1,\"name\":\"Accueil\",\"item\":\"https:\\\/\\\/ai-immobilier.ca\\\/\"},{\"@type\":\"ListItem\",\"position\":2,\"name\":\"Termes et Conditions\"}]},{\"@type\":\"WebSite\",\"@id\":\"https:\\\/\\\/ai-immobilier.ca\\\/#website\",\"url\":\"https:\\\/\\\/ai-immobilier.ca\\\/\",\"name\":\"\",\"description\":\"\",\"potentialAction\":[{\"@type\":\"SearchAction\",\"target\":{\"@type\":\"EntryPoint\",\"urlTemplate\":\"https:\\\/\\\/ai-immobilier.ca\\\/?s={search_term_string}\"},\"query-input\":{\"@type\":\"PropertyValueSpecification\",\"valueRequired\":true,\"valueName\":\"search_term_string\"}}],\"inLanguage\":\"en-CA\"}]}<\/script>\n<!-- \/ Yoast SEO Premium plugin. -->","yoast_head_json":{"title":"Termes et Conditions -","robots":{"index":"index","follow":"follow","max-snippet":"max-snippet:-1","max-image-preview":"max-image-preview:large","max-video-preview":"max-video-preview:-1"},"canonical":"https:\/\/ai-immobilier.ca\/en\/termes-et-conditions\/","og_locale":"en_US","og_type":"article","og_title":"Termes et Conditions","og_description":"Accueil \u00c0 propos Services Propri\u00e9t\u00e9s Partenaires T\u00e9moignages Contacts FAQ English X Termes et Conditions Ange Iradukunda &#8211; Courtier Immobilier Les [&hellip;]","og_url":"https:\/\/ai-immobilier.ca\/en\/termes-et-conditions\/","article_modified_time":"2025-02-27T12:05:27+00:00","og_image":[{"width":585,"height":509,"url":"https:\/\/ai-immobilier.ca\/wp-content\/uploads\/2025\/02\/LOGO-ANGE1-1.png","type":"image\/png"}],"twitter_card":"summary_large_image","twitter_misc":{"Est. reading time":"2 minutes"},"schema":{"@context":"https:\/\/schema.org","@graph":[{"@type":"WebPage","@id":"https:\/\/ai-immobilier.ca\/en\/termes-et-conditions\/","url":"https:\/\/ai-immobilier.ca\/en\/termes-et-conditions\/","name":"Termes et Conditions -","isPartOf":{"@id":"https:\/\/ai-immobilier.ca\/#website"},"primaryImageOfPage":{"@id":"https:\/\/ai-immobilier.ca\/en\/termes-et-conditions\/#primaryimage"},"image":{"@id":"https:\/\/ai-immobilier.ca\/en\/termes-et-conditions\/#primaryimage"},"thumbnailUrl":"https:\/\/ai-immobilier.ca\/wp-content\/uploads\/2025\/02\/LOGO-ANGE1-1.png","datePublished":"2025-02-27T11:23:35+00:00","dateModified":"2025-02-27T12:05:27+00:00","breadcrumb":{"@id":"https:\/\/ai-immobilier.ca\/en\/termes-et-conditions\/#breadcrumb"},"inLanguage":"en-CA","potentialAction":[{"@type":"ReadAction","target":["https:\/\/ai-immobilier.ca\/en\/termes-et-conditions\/"]}]},{"@type":"ImageObject","inLanguage":"en-CA","@id":"https:\/\/ai-immobilier.ca\/en\/termes-et-conditions\/#primaryimage","url":"https:\/\/ai-immobilier.ca\/wp-content\/uploads\/2025\/02\/LOGO-ANGE1-1.png","contentUrl":"https:\/\/ai-immobilier.ca\/wp-content\/uploads\/2025\/02\/LOGO-ANGE1-1.png"},{"@type":"BreadcrumbList","@id":"https:\/\/ai-immobilier.ca\/en\/termes-et-conditions\/#breadcrumb","itemListElement":[{"@type":"ListItem","position":1,"name":"Accueil","item":"https:\/\/ai-immobilier.ca\/"},{"@type":"ListItem","position":2,"name":"Termes et Conditions"}]},{"@type":"WebSite","@id":"https:\/\/ai-immobilier.ca\/#website","url":"https:\/\/ai-immobilier.ca\/","name":"","description":"","potentialAction":[{"@type":"SearchAction","target":{"@type":"EntryPoint","urlTemplate":"https:\/\/ai-immobilier.ca\/?s={search_term_string}"},"query-input":{"@type":"PropertyValueSpecification","valueRequired":true,"valueName":"search_term_string"}}],"inLanguage":"en-CA"}]}},"_links":{"self":[{"href":"https:\/\/ai-immobilier.ca\/en\/wp-json\/wp\/v2\/pages\/1057","targetHints":{"allow":["GET"]}}],"collection":[{"href":"https:\/\/ai-immobilier.ca\/en\/wp-json\/wp\/v2\/pages"}],"about":[{"href":"https:\/\/ai-immobilier.ca\/en\/wp-json\/wp\/v2\/types\/page"}],"author":[{"embeddable":true,"href":"https:\/\/ai-immobilier.ca\/en\/wp-json\/wp\/v2\/users\/2"}],"replies":[{"embeddable":true,"href":"https:\/\/ai-immobilier.ca\/en\/wp-json\/wp\/v2\/comments?post=1057"}],"version-history":[{"count":13,"href":"https:\/\/ai-immobilier.ca\/en\/wp-json\/wp\/v2\/pages\/1057\/revisions"}],"predecessor-version":[{"id":1096,"href":"https:\/\/ai-immobilier.ca\/en\/wp-json\/wp\/v2\/pages\/1057\/revisions\/1096"}],"wp:attachment":[{"href":"https:\/\/ai-immobilier.ca\/en\/wp-json\/wp\/v2\/media?parent=1057"}],"curies":[{"name":"wp","href":"https:\/\/api.w.org\/{rel}","templated":true}]}}